{"id":17,"date":"2018-08-03T13:42:12","date_gmt":"2018-08-03T13:42:12","guid":{"rendered":"https:\/\/jthemes.net\/themes\/wp\/pergo\/demos\/?page_id=17"},"modified":"2023-11-29T15:38:38","modified_gmt":"2023-11-29T14:38:38","slug":"contact","status":"publish","type":"page","link":"https:\/\/softgen.fr\/en\/contact\/","title":{"rendered":"Contact"},"content":{"rendered":"<div class=\"wpb-content-wrapper\"><div class=\"vc_row wpb_row vc_row-fluid pergo-default bg-tra\"><div class=\"wpb_column vc_column_container vc_col-sm-12 bg-tra\"><div class=\"vc_column-inner\"><div class=\"wpb_wrapper\">\n<!-- <div style=\"width: 100%\"><iframe scrolling=\"no\" marginheight=\"0\" marginwidth=\"0\" src=\"https:\/\/maps.google.com\/maps?width=720&height=480&hl=en&q=121 King Street, Melbourne, Victoria 3000 Australia&t=&z=2&ie=UTF8&iwloc=B&output=embed\" height=\"480\" frameborder=\"0\" style=\"width: 100%; margin-bottom: 0; display: block\"><\/iframe><\/div> -->\n<div style=\"width: 100%\">\n\t<iframe scrolling=\"no\" marginheight=\"0\" marginwidth=\"0\" src=\"https:\/\/www.google.com\/maps\/embed?pb=!1m18!1m12!1m3!1d1312.0046133649812!2d2.3228415644180487!3d48.877100653151984!2m3!1f0!2f0!3f0!3m2!1i1024!2i768!4f13.1!3m3!1m2!1s0x47e66fb559a10fe1%3A0xd95bf75f3258ad2!2s1%20Rue%20de%20Stockholm!5e0!3m2!1sen!2suk!4v1699445991854!5m2!1sen!2suk\" height=\"480\" frameborder=\"0\" style=\"width: 100%; margin-bottom: 0; display: block\" allowfullscreen=\"\" loading=\"lazy\" referrerpolicy=\"no-referrer-when-downgrade\"><\/iframe>\n<\/div>\n\n<\/div><\/div><\/div><\/div><section data-vc-full-width=\"true\" data-vc-full-width-init=\"false\" data-vc-parallax=\"1\" data-vc-parallax-image=\"https:\/\/jthemes.net\/themes\/wp\/pergo\/files\/images\/clouds.jpg\" data-opacity=\"1\" data-size=\"cover\" data-width=\"100%\" data-position=\"bottom center\" data-repeat=\"no-repeat\" data-attachment=\"inherit\" class=\"vc_section wide-60 bg-white vc_section-has-fill vc_general vc_parallax vc_parallax-content-moving\"><div class=\"container\"><div class=\"vc_row wpb_row vc_row-fluid pergo-default bg-tra\"><div class=\"wpb_column vc_column_container vc_col-sm-12 bg-tra\"><div class=\"vc_column-inner\"><div class=\"wpb_wrapper\"><div class=\"row\">\t\r\n\t<div class=\"section-title text-center col-lg-10 offset-lg-1\">\r\n\t\t\t\t\t\t\t\r\n\t\t\t<h2 class=\"h2-xs default-color\">Nous contacter<\/h2>\r\n\t\t\t\t<p class=\"p-lg grey-color\"><\/p>\t\r\n\r\n\t\t\r\n\t\t\t\r\n\r\n\t\t\t\r\n\t<\/div>\t\t\r\n<\/div> \t <!-- END SECTION TITLE -->\t<\/div><\/div><\/div><\/div><div class=\"vc_row wpb_row vc_row-fluid pergo-default bg-tra\"><div class=\"wpb_column vc_column_container vc_col-sm-1 bg-tra\"><div class=\"vc_column-inner\"><div class=\"wpb_wrapper\"><\/div><\/div><\/div><div class=\"wpb_column vc_column_container vc_col-sm-10 bg-tra\"><div class=\"vc_column-inner\"><div class=\"wpb_wrapper\"><div class=\"vc_row wpb_row vc_inner vc_row-fluid bg-tra\"><div class=\"wpb_column vc_column_container vc_col-sm-4 bg-tra\"><div class=\"vc_column-inner\"><div class=\"wpb_wrapper\"><div class=\"contacts-3 m-bottom-40\">\r\n\t<div class=\"contact-box animated\" data-animation=\"fadeInUp\" data-animation-delay=\"300\">\r\n\t\t<h5 class=\"h5-sm\">Si\u00e8ge Social :<\/h5>\t\t\t\t\t\t\t\t\t\t\t\t\t\t\r\n\t\t<div class=\"grey-color\"><p>1, RUE DE STOCKHOLM 75008 PARIS<\/p>\n<\/div>\r\n\t<\/div>\r\n<\/div><div class=\"contacts-3 m-bottom-40\">\r\n\t<div class=\"contact-box animated\" data-animation=\"fadeInUp\" data-animation-delay=\"300\">\r\n\t\t<h5 class=\"h5-sm\">Adresse Tunisie :<\/h5>\t\t\t\t\t\t\t\t\t\t\t\t\t\t\r\n\t\t<div class=\"grey-color\"><p>GOLDEN TOWER, CENTRE URBAIN NORD 1082, TUNIS<\/p>\n<\/div>\r\n\t<\/div>\r\n<\/div><div class=\"contacts-3 m-bottom-40\">\r\n\t<div class=\"contact-box animated\" data-animation=\"fadeInUp\" data-animation-delay=\"400\">\r\n\t\t<h5 class=\"h5-sm\">Contact<\/h5>\t\t\t\t\t\t\t\t\t\t\t\t\t\t\r\n\t\t<div class=\"grey-color\"><p>T\u00e9l\u00e9phone : +33 6 6666 789<br \/>\nE-mail : contact@softgen.fr<\/p>\n<\/div>\r\n\t<\/div>\r\n<\/div><div class=\"contacts-3 m-bottom-40\">\r\n\t<div class=\"contact-box animated\" data-animation=\"fadeInUp\" data-animation-delay=\"500\">\r\n\t\t<h5 class=\"h5-sm\">Horaires de travail<\/h5>\t\t\t\t\t\t\t\t\t\t\t\t\t\t\r\n\t\t<div class=\"grey-color\"><p>Lun - Ven: 8h:00 - 18h:00<\/p>\n<\/div>\r\n\t<\/div>\r\n<\/div><\/div><\/div><\/div><div class=\"wpb_column vc_column_container vc_col-sm-8 bg-tra\"><div class=\"vc_column-inner\"><div class=\"wpb_wrapper\">\n<div class=\"wpcf7 no-js\" id=\"wpcf7-f144-o1\" lang=\"en-US\" dir=\"ltr\">\n<div class=\"screen-reader-response\"><p role=\"status\" aria-live=\"polite\" aria-atomic=\"true\"><\/p> <ul><\/ul><\/div>\n<form action=\"\/en\/wp-json\/wp\/v2\/pages\/17#wpcf7-f144-o1\" method=\"post\" class=\"wpcf7-form init\" aria-label=\"Contact form\" novalidate=\"novalidate\" data-status=\"init\" data-trp-original-action=\"\/en\/wp-json\/wp\/v2\/pages\/17#wpcf7-f144-o1\">\n<div style=\"display: none;\">\n<input type=\"hidden\" name=\"_wpcf7\" value=\"144\" \/>\n<input type=\"hidden\" name=\"_wpcf7_version\" value=\"5.9.6\" \/>\n<input type=\"hidden\" name=\"_wpcf7_locale\" value=\"en_US\" \/>\n<input type=\"hidden\" name=\"_wpcf7_unit_tag\" value=\"wpcf7-f144-o1\" \/>\n<input type=\"hidden\" name=\"_wpcf7_container_post\" value=\"0\" \/>\n<input type=\"hidden\" name=\"_wpcf7_posted_data_hash\" value=\"\" \/>\n<input type=\"hidden\" name=\"_wpcf7_recaptcha_response\" value=\"\" \/>\n<\/div>\n<div class=\"form-holder\">\n\t<div  class=\"row contact-form\">\n\t\t<div id=\"input-name\" class=\"col-lg-6\">\n\t\t\t<p><span class=\"wpcf7-form-control-wrap\" data-name=\"your-name\"><input size=\"40\" maxlength=\"80\" class=\"wpcf7-form-control wpcf7-text wpcf7-validates-as-required form-control name\" aria-required=\"true\" aria-invalid=\"false\" placeholder=\"Nom complet\" value=\"\" type=\"text\" name=\"your-name\" \/><\/span>\n\t\t\t<\/p>\n\t\t<\/div>\n\t\t<div id=\"input-email\" class=\"col-lg-6\">\n\t\t\t<p><span class=\"wpcf7-form-control-wrap\" data-name=\"your-email\"><input size=\"40\" maxlength=\"80\" class=\"wpcf7-form-control wpcf7-email wpcf7-validates-as-required wpcf7-text wpcf7-validates-as-email form-control email\" aria-required=\"true\" aria-invalid=\"false\" placeholder=\"Email\" value=\"\" type=\"email\" name=\"your-email\" \/><\/span>\n\t\t\t<\/p>\n\t\t<\/div>\n\t\t<div id=\"input-subject\" class=\"col-lg-12\">\n\t\t\t<p><span class=\"wpcf7-form-control-wrap\" data-name=\"your-subject\"><input size=\"40\" maxlength=\"80\" class=\"wpcf7-form-control wpcf7-text form-control subject\" aria-invalid=\"false\" placeholder=\"Sujet\" value=\"\" type=\"text\" name=\"your-subject\" \/><\/span>\n\t\t\t<\/p>\n\t\t<\/div>\n\t\t<div id=\"input-message\" class=\"col-lg-12 input-message\">\n\t\t\t<p><span class=\"wpcf7-form-control-wrap\" data-name=\"message\"><textarea cols=\"40\" rows=\"10\" maxlength=\"400\" class=\"wpcf7-form-control wpcf7-textarea wpcf7-validates-as-required form-control message\" aria-required=\"true\" aria-invalid=\"false\" placeholder=\"Votre Message....\" name=\"message\"><\/textarea><\/span>\n\t\t\t<\/p>\n\t\t<\/div>\n\t\t<div class=\"col-lg-12 m-top-10 form-btn\">\n\t\t\t<p><button type=\"submit\" class=\"btn btn-md submit btn-arrow wpcf7-form-control wpcf7-submit\"><span>Envoyer <i class=\"fas fa-angle-double-right\"><\/i><\/span><\/button>\n\t\t\t<\/p>\n\t\t<\/div>\n\t\t<div class=\"col-lg-12 contact-form-msg\">\n\t\t<div class=\"wpcf7-response-output\" aria-hidden=\"true\"><\/div>\n\t\t<\/div>\n\t<\/div>\n<\/div>\n<input type=\"hidden\" name=\"trp-form-language\" value=\"en\"\/><\/form>\n<\/div>\n<\/div><\/div><\/div><\/div><div class=\"vc_empty_space\"   style=\"height: 20px\"><span class=\"vc_empty_space_inner\"><\/span><\/div><\/div><\/div><\/div><div class=\"wpb_column vc_column_container vc_col-sm-1 bg-tra\"><div class=\"vc_column-inner\"><div class=\"wpb_wrapper\"><\/div><\/div><\/div><\/div><\/div><\/section><div class=\"vc_row-full-width vc_clearfix\"><\/div>\n<\/div>","protected":false},"excerpt":{"rendered":"Nous contacter Si\u00e8ge Social : 1, RUE DE STOCKHOLM 75008 PARIS Adresse Tunisie : GOLDEN TOWER, CENTRE URBAIN NORD 1082, TUNIS Contact T\u00e9l\u00e9phone : +33 6 6666 789 E-mail : contact@softgen.fr Horaires de travail Lun - Ven: 8h:00 - 18h:00...","protected":false},"author":1,"featured_media":0,"parent":0,"menu_order":0,"comment_status":"closed","ping_status":"closed","template":"templates\/vc-template2.php","meta":{"_acf_changed":false,"footnotes":""},"class_list":["post-17","page","type-page","status-publish","hentry"],"acf":[],"yoast_head":"<!-- This site is optimized with the Yoast SEO plugin v22.9 - https:\/\/yoast.com\/wordpress\/plugins\/seo\/ -->\n<title>Contact - Softgen<\/title>\n<meta name=\"robots\" content=\"index, follow, max-snippet:-1, max-image-preview:large, max-video-preview:-1\" \/>\n<link rel=\"canonical\" href=\"https:\/\/softgen.fr\/en\/contact\/\" \/>\n<meta property=\"og:locale\" content=\"en_GB\" \/>\n<meta property=\"og:type\" content=\"article\" \/>\n<meta property=\"og:title\" content=\"Contact - Softgen\" \/>\n<meta property=\"og:url\" content=\"https:\/\/softgen.fr\/en\/contact\/\" \/>\n<meta property=\"og:site_name\" content=\"Softgen\" \/>\n<meta property=\"article:modified_time\" content=\"2023-11-29T14:38:38+00:00\" \/>\n<meta property=\"og:image\" content=\"https:\/\/softgen.fr\/wp-content\/uploads\/2023\/10\/Softgen_logo-.png\" \/>\n\t<meta property=\"og:image:width\" content=\"597\" \/>\n\t<meta property=\"og:image:height\" content=\"172\" \/>\n\t<meta property=\"og:image:type\" content=\"image\/png\" \/>\n<meta name=\"twitter:card\" content=\"summary_large_image\" \/>\n<meta name=\"twitter:label1\" content=\"Estimated reading time\" \/>\n\t<meta name=\"twitter:data1\" content=\"1 minute\" \/>\n<script type=\"application\/ld+json\" class=\"yoast-schema-graph\">{\"@context\":\"https:\/\/schema.org\",\"@graph\":[{\"@type\":\"WebPage\",\"@id\":\"https:\/\/softgen.fr\/contact\/\",\"url\":\"https:\/\/softgen.fr\/contact\/\",\"name\":\"Contact - Softgen\",\"isPartOf\":{\"@id\":\"https:\/\/softgen.fr\/#website\"},\"datePublished\":\"2018-08-03T13:42:12+00:00\",\"dateModified\":\"2023-11-29T14:38:38+00:00\",\"breadcrumb\":{\"@id\":\"https:\/\/softgen.fr\/contact\/#breadcrumb\"},\"inLanguage\":\"en-GB\",\"potentialAction\":[{\"@type\":\"ReadAction\",\"target\":[\"https:\/\/softgen.fr\/contact\/\"]}]},{\"@type\":\"BreadcrumbList\",\"@id\":\"https:\/\/softgen.fr\/contact\/#breadcrumb\",\"itemListElement\":[{\"@type\":\"ListItem\",\"position\":1,\"name\":\"Accueil\",\"item\":\"https:\/\/softgen.fr\/\"},{\"@type\":\"ListItem\",\"position\":2,\"name\":\"Contact\"}]},{\"@type\":\"WebSite\",\"@id\":\"https:\/\/softgen.fr\/#website\",\"url\":\"https:\/\/softgen.fr\/\",\"name\":\"Softgen\",\"description\":\"\",\"publisher\":{\"@id\":\"https:\/\/softgen.fr\/#organization\"},\"potentialAction\":[{\"@type\":\"SearchAction\",\"target\":{\"@type\":\"EntryPoint\",\"urlTemplate\":\"https:\/\/softgen.fr\/?s={search_term_string}\"},\"query-input\":\"required name=search_term_string\"}],\"inLanguage\":\"en-GB\"},{\"@type\":\"Organization\",\"@id\":\"https:\/\/softgen.fr\/#organization\",\"name\":\"Softgen\",\"url\":\"https:\/\/softgen.fr\/\",\"logo\":{\"@type\":\"ImageObject\",\"inLanguage\":\"en-GB\",\"@id\":\"https:\/\/softgen.fr\/#\/schema\/logo\/image\/\",\"url\":\"https:\/\/softgen.fr\/wp-content\/uploads\/2023\/10\/Softgen_logo-.png\",\"contentUrl\":\"https:\/\/softgen.fr\/wp-content\/uploads\/2023\/10\/Softgen_logo-.png\",\"width\":597,\"height\":172,\"caption\":\"Softgen\"},\"image\":{\"@id\":\"https:\/\/softgen.fr\/#\/schema\/logo\/image\/\"}}]}<\/script>\n<!-- \/ Yoast SEO plugin. -->","yoast_head_json":{"title":"Contact - Softgen","robots":{"index":"index","follow":"follow","max-snippet":"max-snippet:-1","max-image-preview":"max-image-preview:large","max-video-preview":"max-video-preview:-1"},"canonical":"https:\/\/softgen.fr\/en\/contact\/","og_locale":"en_GB","og_type":"article","og_title":"Contact - Softgen","og_url":"https:\/\/softgen.fr\/en\/contact\/","og_site_name":"Softgen","article_modified_time":"2023-11-29T14:38:38+00:00","og_image":[{"width":597,"height":172,"url":"https:\/\/softgen.fr\/wp-content\/uploads\/2023\/10\/Softgen_logo-.png","type":"image\/png"}],"twitter_card":"summary_large_image","twitter_misc":{"Estimated reading time":"1 minute"},"schema":{"@context":"https:\/\/schema.org","@graph":[{"@type":"WebPage","@id":"https:\/\/softgen.fr\/contact\/","url":"https:\/\/softgen.fr\/contact\/","name":"Contact - Softgen","isPartOf":{"@id":"https:\/\/softgen.fr\/#website"},"datePublished":"2018-08-03T13:42:12+00:00","dateModified":"2023-11-29T14:38:38+00:00","breadcrumb":{"@id":"https:\/\/softgen.fr\/contact\/#breadcrumb"},"inLanguage":"en-GB","potentialAction":[{"@type":"ReadAction","target":["https:\/\/softgen.fr\/contact\/"]}]},{"@type":"BreadcrumbList","@id":"https:\/\/softgen.fr\/contact\/#breadcrumb","itemListElement":[{"@type":"ListItem","position":1,"name":"Accueil","item":"https:\/\/softgen.fr\/"},{"@type":"ListItem","position":2,"name":"Contact"}]},{"@type":"WebSite","@id":"https:\/\/softgen.fr\/#website","url":"https:\/\/softgen.fr\/","name":"Softgen","description":"","publisher":{"@id":"https:\/\/softgen.fr\/#organization"},"potentialAction":[{"@type":"SearchAction","target":{"@type":"EntryPoint","urlTemplate":"https:\/\/softgen.fr\/?s={search_term_string}"},"query-input":"required name=search_term_string"}],"inLanguage":"en-GB"},{"@type":"Organization","@id":"https:\/\/softgen.fr\/#organization","name":"Softgen","url":"https:\/\/softgen.fr\/","logo":{"@type":"ImageObject","inLanguage":"en-GB","@id":"https:\/\/softgen.fr\/#\/schema\/logo\/image\/","url":"https:\/\/softgen.fr\/wp-content\/uploads\/2023\/10\/Softgen_logo-.png","contentUrl":"https:\/\/softgen.fr\/wp-content\/uploads\/2023\/10\/Softgen_logo-.png","width":597,"height":172,"caption":"Softgen"},"image":{"@id":"https:\/\/softgen.fr\/#\/schema\/logo\/image\/"}}]}},"post_mailing_queue_ids":[],"_links":{"self":[{"href":"https:\/\/softgen.fr\/en\/wp-json\/wp\/v2\/pages\/17","targetHints":{"allow":["GET"]}}],"collection":[{"href":"https:\/\/softgen.fr\/en\/wp-json\/wp\/v2\/pages"}],"about":[{"href":"https:\/\/softgen.fr\/en\/wp-json\/wp\/v2\/types\/page"}],"author":[{"embeddable":true,"href":"https:\/\/softgen.fr\/en\/wp-json\/wp\/v2\/users\/1"}],"replies":[{"embeddable":true,"href":"https:\/\/softgen.fr\/en\/wp-json\/wp\/v2\/comments?post=17"}],"version-history":[{"count":7,"href":"https:\/\/softgen.fr\/en\/wp-json\/wp\/v2\/pages\/17\/revisions"}],"predecessor-version":[{"id":2733,"href":"https:\/\/softgen.fr\/en\/wp-json\/wp\/v2\/pages\/17\/revisions\/2733"}],"wp:attachment":[{"href":"https:\/\/softgen.fr\/en\/wp-json\/wp\/v2\/media?parent=17"}],"curies":[{"name":"wp","href":"https:\/\/api.w.org\/{rel}","templated":true}]}}